{"id":169,"date":"2026-02-17T14:20:40","date_gmt":"2026-02-17T14:20:40","guid":{"rendered":"https:\/\/www.ingenz.de\/wordpress\/?page_id=169"},"modified":"2026-02-18T02:40:40","modified_gmt":"2026-02-18T02:40:40","slug":"anhaengiges-verfahren-c-410-25","status":"publish","type":"page","link":"https:\/\/www.ingenz.de\/wordpress\/?page_id=169","title":{"rendered":"3. Anh\u00e4ngiges Verfahren C-410\/25"},"content":{"rendered":"\n<figure class=\"wp-block-image size-large\"><img loading=\"lazy\" decoding=\"async\" width=\"1024\" height=\"576\" src=\"https:\/\/www.ingenz.de\/wordpress\/wp-content\/uploads\/2026\/02\/IMG_3635-1024x576.jpeg\" alt=\"\" class=\"wp-image-187\" srcset=\"https:\/\/www.ingenz.de\/wordpress\/wp-content\/uploads\/2026\/02\/IMG_3635-1024x576.jpeg 1024w, https:\/\/www.ingenz.de\/wordpress\/wp-content\/uploads\/2026\/02\/IMG_3635-300x169.jpeg 300w, https:\/\/www.ingenz.de\/wordpress\/wp-content\/uploads\/2026\/02\/IMG_3635-768x432.jpeg 768w, https:\/\/www.ingenz.de\/wordpress\/wp-content\/uploads\/2026\/02\/IMG_3635-1536x864.jpeg 1536w, https:\/\/www.ingenz.de\/wordpress\/wp-content\/uploads\/2026\/02\/IMG_3635-2048x1152.jpeg 2048w, https:\/\/www.ingenz.de\/wordpress\/wp-content\/uploads\/2026\/02\/IMG_3635-1870x1052.jpeg 1870w, https:\/\/www.ingenz.de\/wordpress\/wp-content\/uploads\/2026\/02\/IMG_3635-400x225.jpeg 400w, https:\/\/www.ingenz.de\/wordpress\/wp-content\/uploads\/2026\/02\/IMG_3635-800x450.jpeg 800w\" sizes=\"auto, (max-width: 1024px) 100vw, 1024px\" \/><\/figure>\n\n\n\n<p class=\"has-normal-font-size\" style=\"text-decoration:underline\"><strong>Grundlage Art. 63 AEUV:<\/strong><\/p>\n\n\n\n<p>In Art. 63 AEUV ist der Freie Kapitalverkehr innerhalb der EU verankert. Er verbietet grunds\u00e4tzlich alle Beschr\u00e4nkungen des Kapitalverkehrs sowie des Zahlungsverkehrs zwischen den Mitgliedstaaten und Drittl\u00e4nder. Ziel ist es, einen barrierefreien europ\u00e4ischen Binnenmarkt zu schaffen, in dem Investitionen grenz\u00fcberschreitend ohne diskriminierende Hindernisse get\u00e4tigt werden k\u00f6nnen.<\/p>\n\n\n\n<p class=\"has-normal-font-size\" style=\"text-decoration:underline\"><strong>Aktenzeichen C-410\/25<\/strong><\/p>\n\n\n\n<p>Der Streitpunkt in diesem Verfahren ist die Diskriminierung gebietsfremder Unternehmen.<\/p>\n\n\n\n<figure class=\"wp-block-image size-large\"><img loading=\"lazy\" decoding=\"async\" width=\"1024\" height=\"576\" src=\"https:\/\/www.ingenz.de\/wordpress\/wp-content\/uploads\/2026\/02\/IMG_3636-1024x576.jpeg\" alt=\"\" class=\"wp-image-188\" srcset=\"https:\/\/www.ingenz.de\/wordpress\/wp-content\/uploads\/2026\/02\/IMG_3636-1024x576.jpeg 1024w, https:\/\/www.ingenz.de\/wordpress\/wp-content\/uploads\/2026\/02\/IMG_3636-300x169.jpeg 300w, https:\/\/www.ingenz.de\/wordpress\/wp-content\/uploads\/2026\/02\/IMG_3636-768x432.jpeg 768w, https:\/\/www.ingenz.de\/wordpress\/wp-content\/uploads\/2026\/02\/IMG_3636-1536x864.jpeg 1536w, https:\/\/www.ingenz.de\/wordpress\/wp-content\/uploads\/2026\/02\/IMG_3636-2048x1152.jpeg 2048w, https:\/\/www.ingenz.de\/wordpress\/wp-content\/uploads\/2026\/02\/IMG_3636-1870x1052.jpeg 1870w, https:\/\/www.ingenz.de\/wordpress\/wp-content\/uploads\/2026\/02\/IMG_3636-400x225.jpeg 400w, https:\/\/www.ingenz.de\/wordpress\/wp-content\/uploads\/2026\/02\/IMG_3636-800x450.jpeg 800w\" sizes=\"auto, (max-width: 1024px) 100vw, 1024px\" \/><\/figure>\n\n\n\n<p>Die Gew\u00e4hrung einer Steuerstundung durch den \u00a7 6b EStG ist an eine spezifische Voraussetzung gekn\u00fcpft: Die ver\u00e4u\u00dferten Anlageg\u00fcter m\u00fcssen zum Zeitpunkt des Verkaufs mindestens sechs Jahre ununterbrochen zum Anlageverm\u00f6gen einer inl\u00e4ndischen Betriebsst\u00e4tte geh\u00f6rt haben.<\/p>\n\n\n\n<figure class=\"wp-block-image size-large\"><img loading=\"lazy\" decoding=\"async\" width=\"1024\" height=\"576\" src=\"https:\/\/www.ingenz.de\/wordpress\/wp-content\/uploads\/2026\/02\/IMG_3638-1024x576.jpeg\" alt=\"\" class=\"wp-image-215\" srcset=\"https:\/\/www.ingenz.de\/wordpress\/wp-content\/uploads\/2026\/02\/IMG_3638-1024x576.jpeg 1024w, https:\/\/www.ingenz.de\/wordpress\/wp-content\/uploads\/2026\/02\/IMG_3638-300x169.jpeg 300w, https:\/\/www.ingenz.de\/wordpress\/wp-content\/uploads\/2026\/02\/IMG_3638-768x432.jpeg 768w, https:\/\/www.ingenz.de\/wordpress\/wp-content\/uploads\/2026\/02\/IMG_3638-1536x864.jpeg 1536w, https:\/\/www.ingenz.de\/wordpress\/wp-content\/uploads\/2026\/02\/IMG_3638-2048x1152.jpeg 2048w, https:\/\/www.ingenz.de\/wordpress\/wp-content\/uploads\/2026\/02\/IMG_3638-1870x1052.jpeg 1870w, https:\/\/www.ingenz.de\/wordpress\/wp-content\/uploads\/2026\/02\/IMG_3638-400x225.jpeg 400w, https:\/\/www.ingenz.de\/wordpress\/wp-content\/uploads\/2026\/02\/IMG_3638-800x450.jpeg 800w\" sizes=\"auto, (max-width: 1024px) 100vw, 1024px\" \/><\/figure>\n\n\n\n<p>Aus Sicht der Europ\u00e4ischen Kommission ergibt sich hieraus eine Ungleichbehandlung zu Lasten von gebietsfremden Unternehmen, die keine Betriebsst\u00e4tte in Deutschland unterhalten. W\u00e4hrend inl\u00e4ndische Unternehmen von dem Liquidationsvorteil der Steuerstundung profitieren k\u00f6nnen, bleibt dieser Vorteil Unternehmen ohne deutsche Betriebsst\u00e4tte verwehrt. Die Kommission beantragt festzustellen, dass Deutschland durch das Erlassen und Beibehalten dieser Regelung gegen Unionsrecht verst\u00f6\u00dft. Das f\u00fchre dazu, dass gebietsfremde Akteure im Vergleich zu inl\u00e4ndischen Unternehmen benachteiligt werden, was eine unzul\u00e4ssige Beschr\u00e4nkung des Freien Kapitalverkehrs darstelle.<\/p>\n\n\n\n<figure class=\"wp-block-image size-large\"><img loading=\"lazy\" decoding=\"async\" width=\"1024\" height=\"576\" src=\"https:\/\/www.ingenz.de\/wordpress\/wp-content\/uploads\/2026\/02\/IMG_3637-1024x576.jpeg\" alt=\"\" class=\"wp-image-189\" srcset=\"https:\/\/www.ingenz.de\/wordpress\/wp-content\/uploads\/2026\/02\/IMG_3637-1024x576.jpeg 1024w, https:\/\/www.ingenz.de\/wordpress\/wp-content\/uploads\/2026\/02\/IMG_3637-300x169.jpeg 300w, https:\/\/www.ingenz.de\/wordpress\/wp-content\/uploads\/2026\/02\/IMG_3637-768x432.jpeg 768w, https:\/\/www.ingenz.de\/wordpress\/wp-content\/uploads\/2026\/02\/IMG_3637-1536x864.jpeg 1536w, https:\/\/www.ingenz.de\/wordpress\/wp-content\/uploads\/2026\/02\/IMG_3637-2048x1152.jpeg 2048w, https:\/\/www.ingenz.de\/wordpress\/wp-content\/uploads\/2026\/02\/IMG_3637-1870x1052.jpeg 1870w, https:\/\/www.ingenz.de\/wordpress\/wp-content\/uploads\/2026\/02\/IMG_3637-400x225.jpeg 400w, https:\/\/www.ingenz.de\/wordpress\/wp-content\/uploads\/2026\/02\/IMG_3637-800x450.jpeg 800w\" sizes=\"auto, (max-width: 1024px) 100vw, 1024px\" \/><\/figure>\n\n\n\n<p>Das anh\u00e4ngige Verfahren C-410\/25 verdeutlicht das Spannungsfeld zwischen nationalem Steuerrecht und europ\u00e4ischen Grundfreiheiten. Sollte der EuGH der Auffassung der Kommission folgen, m\u00fcsste Deutschland seine Reinvestitionsregeln anpassen, um eine Gleichbehandlung von gebietsfremden Unternehmen ohne inl\u00e4ndische Betriebsst\u00e4tte zu gew\u00e4hrleisten. F\u00fcr die Praxis w\u00fcrde dies bedeuten, dass steuerliche Verg\u00fcnstigungen zur Standortsicherung nicht mehr zwingend an die inl\u00e4ndische Betriebsst\u00e4tte gekn\u00fcpft werden d\u00fcrfen, sofern dies grenz\u00fcberschreitende Investitionen innerhalb der EU bzw. des EWR behindert.<\/p>\n\n\n\n<figure class=\"wp-block-image size-large\"><img loading=\"lazy\" decoding=\"async\" width=\"1024\" height=\"576\" src=\"https:\/\/www.ingenz.de\/wordpress\/wp-content\/uploads\/2026\/02\/IMG_3641-1024x576.jpeg\" alt=\"\" class=\"wp-image-217\" srcset=\"https:\/\/www.ingenz.de\/wordpress\/wp-content\/uploads\/2026\/02\/IMG_3641-1024x576.jpeg 1024w, https:\/\/www.ingenz.de\/wordpress\/wp-content\/uploads\/2026\/02\/IMG_3641-300x169.jpeg 300w, https:\/\/www.ingenz.de\/wordpress\/wp-content\/uploads\/2026\/02\/IMG_3641-768x432.jpeg 768w, https:\/\/www.ingenz.de\/wordpress\/wp-content\/uploads\/2026\/02\/IMG_3641-1536x864.jpeg 1536w, https:\/\/www.ingenz.de\/wordpress\/wp-content\/uploads\/2026\/02\/IMG_3641-2048x1152.jpeg 2048w, https:\/\/www.ingenz.de\/wordpress\/wp-content\/uploads\/2026\/02\/IMG_3641-1870x1052.jpeg 1870w, https:\/\/www.ingenz.de\/wordpress\/wp-content\/uploads\/2026\/02\/IMG_3641-400x225.jpeg 400w, https:\/\/www.ingenz.de\/wordpress\/wp-content\/uploads\/2026\/02\/IMG_3641-800x450.jpeg 800w\" sizes=\"auto, (max-width: 1024px) 100vw, 1024px\" \/><\/figure>\n","protected":false},"excerpt":{"rendered":"<p>Grundlage Art. 63 AEUV: In Art. 63 AEUV ist der Freie Kapitalverkehr innerhalb der EU verankert. Er verbietet grunds\u00e4tzlich alle Beschr\u00e4nkungen des Kapitalverkehrs sowie des Zahlungsverkehrs zwischen den Mitgliedstaaten und Drittl\u00e4nder. Ziel ist es, einen barrierefreien europ\u00e4ischen Binnenmarkt zu schaffen, in dem Investitionen grenz\u00fcberschreitend ohne diskriminierende Hindernisse get\u00e4tigt werden k\u00f6nnen. Aktenzeichen C-410\/25 Der Streitpunkt in [&hellip;]<\/p>\n","protected":false},"author":1,"featured_media":0,"parent":0,"menu_order":0,"comment_status":"closed","ping_status":"closed","template":"","meta":{"footnotes":""},"class_list":["post-169","page","type-page","status-publish","hentry","missing-thumbnail"],"_links":{"self":[{"href":"https:\/\/www.ingenz.de\/wordpress\/index.php?rest_route=\/wp\/v2\/pages\/169","targetHints":{"allow":["GET"]}}],"collection":[{"href":"https:\/\/www.ingenz.de\/wordpress\/index.php?rest_route=\/wp\/v2\/pages"}],"about":[{"href":"https:\/\/www.ingenz.de\/wordpress\/index.php?rest_route=\/wp\/v2\/types\/page"}],"author":[{"embeddable":true,"href":"https:\/\/www.ingenz.de\/wordpress\/index.php?rest_route=\/wp\/v2\/users\/1"}],"replies":[{"embeddable":true,"href":"https:\/\/www.ingenz.de\/wordpress\/index.php?rest_route=%2Fwp%2Fv2%2Fcomments&post=169"}],"version-history":[{"count":6,"href":"https:\/\/www.ingenz.de\/wordpress\/index.php?rest_route=\/wp\/v2\/pages\/169\/revisions"}],"predecessor-version":[{"id":241,"href":"https:\/\/www.ingenz.de\/wordpress\/index.php?rest_route=\/wp\/v2\/pages\/169\/revisions\/241"}],"wp:attachment":[{"href":"https:\/\/www.ingenz.de\/wordpress\/index.php?rest_route=%2Fwp%2Fv2%2Fmedia&parent=169"}],"curies":[{"name":"wp","href":"https:\/\/api.w.org\/{rel}","templated":true}]}}